{"id":821,"date":"2020-03-26T19:46:14","date_gmt":"2020-03-26T18:46:14","guid":{"rendered":"https:\/\/blog.almiramusic.com\/?post_type=product&#038;p=821"},"modified":"2020-04-24T08:30:56","modified_gmt":"2020-04-24T06:30:56","slug":"cd-soplando-las-sombras","status":"publish","type":"product","link":"https:\/\/blog.almiramusic.com\/de\/tienda\/cd-soplando-las-sombras\/","title":{"rendered":"CD Soplando las Sombras"},"content":{"rendered":"","protected":false},"excerpt":{"rendered":"<p>Luz: Soplando las Sombras, unseres erstes Cd mit Musik f\u00fcr Duo Fl\u00f6te und Fagott und Trio, Fl\u00f6te, Fagott und Marimba.<\/p>\n<p>Querfl\u00f6te: Isabel Gonzlalez<\/p>\n<p>Fagott: Paula Jimenez<\/p>\n<p>Marimbaphone:\u00a0Robert Oetomo<\/p>\n","protected":false},"featured_media":822,"comment_status":"open","ping_status":"closed","template":"","meta":{"_genesis_hide_title":false,"_genesis_hide_breadcrumbs":false,"_genesis_hide_singular_image":false,"_genesis_hide_footer_widgets":false,"_genesis_custom_body_class":"","_genesis_custom_post_class":"","_genesis_layout":""},"_links":{"self":[{"href":"https:\/\/blog.almiramusic.com\/de\/wp-json\/wp\/v2\/product\/821"}],"collection":[{"href":"https:\/\/blog.almiramusic.com\/de\/wp-json\/wp\/v2\/product"}],"about":[{"href":"https:\/\/blog.almiramusic.com\/de\/wp-json\/wp\/v2\/types\/product"}],"replies":[{"embeddable":true,"href":"https:\/\/blog.almiramusic.com\/de\/wp-json\/wp\/v2\/comments?post=821"}],"wp:featuredmedia":[{"embeddable":true,"href":"https:\/\/blog.almiramusic.com\/de\/wp-json\/wp\/v2\/media\/822"}],"wp:attachment":[{"href":"https:\/\/blog.almiramusic.com\/de\/wp-json\/wp\/v2\/media?parent=821"}],"curies":[{"name":"wp","href":"https:\/\/api.w.org\/{rel}","templated":true}]}}