{"id":885,"date":"2020-04-24T07:09:03","date_gmt":"2020-04-24T05:09:03","guid":{"rendered":"https:\/\/blog.almiramusic.com\/de\/tienda\/tico-tico-noten\/"},"modified":"2020-08-06T08:32:23","modified_gmt":"2020-08-06T06:32:23","slug":"tico-tico-noten","status":"publish","type":"product","link":"https:\/\/blog.almiramusic.com\/de\/tienda\/tico-tico-noten\/","title":{"rendered":"Tico Tico &#8211; Noten"},"content":{"rendered":"<p>Versi\u00f3n del Tico Tico de Zequina Abreu, una obra divertida y conocida que lleva como t\u00edtulo el nombre de un p\u00e1jaro Brasile\u00f1o. La formaci\u00f3n de flauta y fagot le da un aire divertido y simple, como el canto de un p\u00e1jaro.<\/p>\n<p>Duraci\u00f3n: 3&#8217;53&#8221;<\/p>\n<p>Formato: PDF<\/p>\n<p>Puedes escuchar este arreglo pinchando <a href=\"https:\/\/www.youtube.com\/watch?v=_VMoVS2Iig8\">aqu\u00ed<\/a><\/p>\n<p>&nbsp;<\/p>\n","protected":false},"excerpt":{"rendered":"<p>Versi\u00f3n del Tico Tico de Zequina Abreu, una obra divertida y conocida que lleva como t\u00edtulo el nombre de un p\u00e1jaro Brasile\u00f1o. La formaci\u00f3n de flauta y fagot le da un aire divertido y simple, como el canto de un p\u00e1jaro. Duraci\u00f3n: 3&#8217;53&#8221; Formato: PDF Puedes escuchar este arreglo pinchando aqu\u00ed &nbsp;<\/p>\n","protected":false},"featured_media":867,"comment_status":"open","ping_status":"closed","template":"","meta":{"_genesis_hide_title":false,"_genesis_hide_breadcrumbs":false,"_genesis_hide_singular_image":false,"_genesis_hide_footer_widgets":false,"_genesis_custom_body_class":"","_genesis_custom_post_class":"","_genesis_layout":""},"_links":{"self":[{"href":"https:\/\/blog.almiramusic.com\/de\/wp-json\/wp\/v2\/product\/885"}],"collection":[{"href":"https:\/\/blog.almiramusic.com\/de\/wp-json\/wp\/v2\/product"}],"about":[{"href":"https:\/\/blog.almiramusic.com\/de\/wp-json\/wp\/v2\/types\/product"}],"replies":[{"embeddable":true,"href":"https:\/\/blog.almiramusic.com\/de\/wp-json\/wp\/v2\/comments?post=885"}],"wp:featuredmedia":[{"embeddable":true,"href":"https:\/\/blog.almiramusic.com\/de\/wp-json\/wp\/v2\/media\/867"}],"wp:attachment":[{"href":"https:\/\/blog.almiramusic.com\/de\/wp-json\/wp\/v2\/media?parent=885"}],"curies":[{"name":"wp","href":"https:\/\/api.w.org\/{rel}","templated":true}]}}