{"id":907,"date":"2020-04-24T09:54:17","date_gmt":"2020-04-24T07:54:17","guid":{"rendered":"https:\/\/blog.almiramusic.com\/de\/?post_type=product&#038;p=907"},"modified":"2020-08-06T08:29:29","modified_gmt":"2020-08-06T06:29:29","slug":"fischer-english","status":"publish","type":"product","link":"https:\/\/blog.almiramusic.com\/de\/tienda\/fischer-english\/","title":{"rendered":"Duett in G-J.C.Fischer"},"content":{"rendered":"<p>Este refrescante Duo en Sol Mayor para flauta y fagot est\u00e1 compuesto por 3 movimientos: Cantabile, Allegro y Tempo de Minuetto , todos ellos con aires de danza.<\/p>\n<p>Formato:PDF<\/p>\n<p>Duraci\u00f3n:10&#8242; 30&#8221;<\/p>\n<p>Pod\u00e9is escuchar el primer movimiento <a href=\"https:\/\/www.youtube.com\/watch?v=9n8TNA6OG9I\">aqu\u00ed<\/a><\/p>\n","protected":false},"excerpt":{"rendered":"<p>Este refrescante Duo en Sol Mayor para flauta y fagot est\u00e1 compuesto por 3 movimientos: Cantabile, Allegro y Tempo de Minuetto , todos ellos con aires de danza. Formato:PDF Duraci\u00f3n:10&#8242; 30&#8221; Pod\u00e9is escuchar el primer movimiento aqu\u00ed<\/p>\n","protected":false},"featured_media":872,"comment_status":"open","ping_status":"closed","template":"","meta":{"_genesis_hide_title":false,"_genesis_hide_breadcrumbs":false,"_genesis_hide_singular_image":false,"_genesis_hide_footer_widgets":false,"_genesis_custom_body_class":"","_genesis_custom_post_class":"","_genesis_layout":""},"_links":{"self":[{"href":"https:\/\/blog.almiramusic.com\/de\/wp-json\/wp\/v2\/product\/907"}],"collection":[{"href":"https:\/\/blog.almiramusic.com\/de\/wp-json\/wp\/v2\/product"}],"about":[{"href":"https:\/\/blog.almiramusic.com\/de\/wp-json\/wp\/v2\/types\/product"}],"replies":[{"embeddable":true,"href":"https:\/\/blog.almiramusic.com\/de\/wp-json\/wp\/v2\/comments?post=907"}],"wp:featuredmedia":[{"embeddable":true,"href":"https:\/\/blog.almiramusic.com\/de\/wp-json\/wp\/v2\/media\/872"}],"wp:attachment":[{"href":"https:\/\/blog.almiramusic.com\/de\/wp-json\/wp\/v2\/media?parent=907"}],"curies":[{"name":"wp","href":"https:\/\/api.w.org\/{rel}","templated":true}]}}