{"id":776,"date":"2020-03-18T12:59:56","date_gmt":"2020-03-18T11:59:56","guid":{"rendered":"https:\/\/blog.almiramusic.com\/?page_id=776"},"modified":"2020-06-06T20:33:51","modified_gmt":"2020-06-06T18:33:51","slug":"nosotrassomosalmira","status":"publish","type":"page","link":"https:\/\/blog.almiramusic.com\/en\/nosotrassomosalmira\/","title":{"rendered":"That\u00b4s who we are"},"content":{"rendered":"<p><img loading=\"lazy\" class=\"wp-image-771 alignright\" src=\"https:\/\/blog.almiramusic.com\/wp-content\/uploads\/sites\/4\/Isabel-Gonza\u0301lez.jpg\" alt=\"\" width=\"233\" height=\"310\" srcset=\"https:\/\/blog.almiramusic.com\/en\/wp-content\/uploads\/sites\/4\/Isabel-Gonza\u0301lez.jpg 319w, https:\/\/blog.almiramusic.com\/en\/wp-content\/uploads\/sites\/4\/Isabel-Gonza\u0301lez-226x300.jpg 226w\" sizes=\"(max-width: 233px) 100vw, 233px\" \/><\/p>\n<p><span style=\"font-weight: 400;\"><strong>Isabel Gonz\u00e1lez Villar<\/strong> studied flute in Musikene, Centro Superior de M\u00fasica del Pa\u00eds Vasco, with professors M. A. Angulo y A. Octavio.\u00a0<\/span><\/p>\n<p><span style=\"font-weight: 400;\">In 2012 she is stablished in Mannheim (Gemany) where she finishes her master degree at the University of Arts, Mannheim, under the supervision of professor J.Schmitz.<\/span><\/p>\n<p>Isabel has a special talen in pedagogy. That is why she is also licensed in Music Pedadogy, by the Public University of Navarra. Nowadays she combines her pedagogic labour as flute teacher in the Musikshule Untererneckar wth her online lessons at Almiramusic.<\/p>\n<p>Furthermore, she has graduated with the best qualifications in Band Conducting, also in the Univesity of Arts, Mannheim, with professor Toni Scholl. As a conductor, she works with some professional european bands as\u00a0 Landespolizeiorchester Brandenburg, Milit\u00e4musik Salzburg y la \u201cGrand Ducale\u201c Luxemburg. Her interest to bring the spanish repertoir to the european windband world has brought her to give some conferences and seminars in Germany, making a special mention to her role at the Internationaler Blasmusikkongres en Ulm (Gemany) in january 2018. At the moment, she is the conductor of the Stadtkapelle Bad Rappenau Windband and the \u00d6stringen Windband.<\/p>\n<p><strong><img loading=\"lazy\" class=\"wp-image-772 alignleft\" src=\"https:\/\/blog.almiramusic.com\/wp-content\/uploads\/sites\/4\/WhatsApp-Image-2020-02-12-at-23.20.05-2.jpeg\" alt=\"\" width=\"208\" height=\"402\" srcset=\"https:\/\/blog.almiramusic.com\/en\/wp-content\/uploads\/sites\/4\/WhatsApp-Image-2020-02-12-at-23.20.05-2.jpeg 816w, https:\/\/blog.almiramusic.com\/en\/wp-content\/uploads\/sites\/4\/WhatsApp-Image-2020-02-12-at-23.20.05-2-155x300.jpeg 155w, https:\/\/blog.almiramusic.com\/en\/wp-content\/uploads\/sites\/4\/WhatsApp-Image-2020-02-12-at-23.20.05-2-530x1024.jpeg 530w, https:\/\/blog.almiramusic.com\/en\/wp-content\/uploads\/sites\/4\/WhatsApp-Image-2020-02-12-at-23.20.05-2-768x1485.jpeg 768w, https:\/\/blog.almiramusic.com\/en\/wp-content\/uploads\/sites\/4\/WhatsApp-Image-2020-02-12-at-23.20.05-2-794x1536.jpeg 794w, https:\/\/blog.almiramusic.com\/en\/wp-content\/uploads\/sites\/4\/WhatsApp-Image-2020-02-12-at-23.20.05-2-600x1160.jpeg 600w\" sizes=\"(max-width: 208px) 100vw, 208px\" \/><\/strong><\/p>\n<p><span style=\"font-weight: 400;\"><strong>Paula Jim\u00e9nez Queipo<\/strong> obtains in 2013 the Bachel Degree of Bassoon in Musikene, <\/span><span style=\"font-weight: 400;\">Centro Superior de M\u00fasica del Pa\u00eds Vasco (Spain), with professors David Tom\u00e1s Realp, Javier Arag\u00f3 y \u00c1lvaro Prieto. In february 2016 she finishes her Masters in Bassoon at the University of Arts, Mannheim (Germany), with Professor Ole K. Dahl.\u00a0<\/span><\/p>\n<p><span style=\"font-weight: 400;\">She has also a high vocation to pedadogy, that is why she graduates in Music Pedagogy, at Complutense University in Madrid and studies different pedagogic masters.\u00a0<\/span><\/p>\n<p><span style=\"font-weight: 400;\">She made an internship at the Spanish National Orchestra from january 2014 to december 2018. She has worked with many european orchestras, such as Aalborg Symphony Orchester, the Ulster Orchestra, the K\u00fcrpfalzschisches Kammerorchester, the Heildelberg Symfoniker, the Spanish Radio and Television Orchestra, the Tenerife Symphonyc Orchestra or the Madrid Orchestra.\u00a0 \u00a0<\/span><\/p>\n<p><span style=\"font-weight: 400;\">She has teached bassoon in the Profesional Conservatory of Arturo Soria (Madrid) and the Music Academy and Conservatory of Legan\u00e9s (Madrid).\u00a0<\/span><\/p>\n","protected":false},"excerpt":{"rendered":"<p>Isabel Gonz\u00e1lez Villar studied flute in Musikene, Centro Superior de M\u00fasica del Pa\u00eds Vasco, with professors M. A. Angulo y A. Octavio.\u00a0 In 2012 she is stablished in Mannheim (Gemany) where she finishes her master degree at the University of Arts, Mannheim, under the supervision of professor J.Schmitz. Isabel has a special talen in pedagogy. [&hellip;]<\/p>\n","protected":false},"author":2,"featured_media":0,"parent":0,"menu_order":0,"comment_status":"closed","ping_status":"closed","template":"","meta":{"_genesis_hide_title":false,"_genesis_hide_breadcrumbs":false,"_genesis_hide_singular_image":false,"_genesis_hide_footer_widgets":false,"_genesis_custom_body_class":"","_genesis_custom_post_class":"","_genesis_layout":""},"_links":{"self":[{"href":"https:\/\/blog.almiramusic.com\/en\/wp-json\/wp\/v2\/pages\/776"}],"collection":[{"href":"https:\/\/blog.almiramusic.com\/en\/wp-json\/wp\/v2\/pages"}],"about":[{"href":"https:\/\/blog.almiramusic.com\/en\/wp-json\/wp\/v2\/types\/page"}],"author":[{"embeddable":true,"href":"https:\/\/blog.almiramusic.com\/en\/wp-json\/wp\/v2\/users\/2"}],"replies":[{"embeddable":true,"href":"https:\/\/blog.almiramusic.com\/en\/wp-json\/wp\/v2\/comments?post=776"}],"version-history":[{"count":4,"href":"https:\/\/blog.almiramusic.com\/en\/wp-json\/wp\/v2\/pages\/776\/revisions"}],"predecessor-version":[{"id":921,"href":"https:\/\/blog.almiramusic.com\/en\/wp-json\/wp\/v2\/pages\/776\/revisions\/921"}],"wp:attachment":[{"href":"https:\/\/blog.almiramusic.com\/en\/wp-json\/wp\/v2\/media?parent=776"}],"curies":[{"name":"wp","href":"https:\/\/api.w.org\/{rel}","templated":true}]}}