{"id":640,"date":"2020-03-15T09:16:50","date_gmt":"2020-03-15T08:16:50","guid":{"rendered":"http:\/\/blog.almiramusic.com\/?post_type=product&#038;p=640"},"modified":"2020-07-04T10:31:21","modified_gmt":"2020-07-04T08:31:21","slug":"suscripcion-4-al-mes","status":"publish","type":"product","link":"https:\/\/blog.almiramusic.com\/en\/tienda\/suscripcion-4-al-mes\/","title":{"rendered":"Cuatro clases al mes"},"content":{"rendered":"<p>La regularidad en las clases es muy importante, y si son clases de instrumento mucho m\u00e1s. Nosotras hacemos un seguimiento de tu evoluci\u00f3n y te ayudamos a mejorar, a eliminar los posibles vicios y te ofrecemos pautas para el estudio. Todo esto esta incluido en estos sesenta minutos de clase. \u00bfNunca has probado las clases online? Nosotras llevamos 2 a\u00f1os trabajando en este proyecto y despu\u00e9s de muchas pruebas hemos descubierto que el mundo online te hace pensar m\u00e1s por ti mismo y descubrir maneras de estudio diferentes. \u00bfQu\u00e9 nos dices, te atreves a probarlo?<\/p>\n","protected":false},"excerpt":{"rendered":"<p>La regularidad en las clases es muy importante, y si son clases de instrumento mucho m\u00e1s. Nosotras hacemos un seguimiento de tu evoluci\u00f3n y te ayudamos a mejorar, a eliminar los posibles vicios y te ofrecemos pautas para el estudio. Todo esto esta incluido en estos sesenta minutos de clase. \u00bfNunca has probado las clases [&hellip;]<\/p>\n","protected":false},"featured_media":726,"comment_status":"open","ping_status":"closed","template":"","meta":{"_genesis_hide_title":false,"_genesis_hide_breadcrumbs":false,"_genesis_hide_singular_image":false,"_genesis_hide_footer_widgets":false,"_genesis_custom_body_class":"","_genesis_custom_post_class":"","_genesis_layout":""},"_links":{"self":[{"href":"https:\/\/blog.almiramusic.com\/en\/wp-json\/wp\/v2\/product\/640"}],"collection":[{"href":"https:\/\/blog.almiramusic.com\/en\/wp-json\/wp\/v2\/product"}],"about":[{"href":"https:\/\/blog.almiramusic.com\/en\/wp-json\/wp\/v2\/types\/product"}],"replies":[{"embeddable":true,"href":"https:\/\/blog.almiramusic.com\/en\/wp-json\/wp\/v2\/comments?post=640"}],"wp:featuredmedia":[{"embeddable":true,"href":"https:\/\/blog.almiramusic.com\/en\/wp-json\/wp\/v2\/media\/726"}],"wp:attachment":[{"href":"https:\/\/blog.almiramusic.com\/en\/wp-json\/wp\/v2\/media?parent=640"}],"curies":[{"name":"wp","href":"https:\/\/api.w.org\/{rel}","templated":true}]}}