{"id":928,"date":"2020-07-04T10:05:15","date_gmt":"2020-07-04T08:05:15","guid":{"rendered":"https:\/\/blog.almiramusic.com\/en\/tienda\/el-choclo-sheetmusic\/"},"modified":"2020-08-06T09:03:06","modified_gmt":"2020-08-06T07:03:06","slug":"el-choclo-sheetmusic","status":"publish","type":"product","link":"https:\/\/blog.almiramusic.com\/en\/tienda\/el-choclo-sheetmusic\/","title":{"rendered":"El Choclo- sheetmusic"},"content":{"rendered":"<p>El choclo, un tango compuesto por Carlos Gardel. Un Tango conocid\u00edsimo, arreglado especialmente para estos dos instrumentos: Flauta y Fagot, que por sus caracter\u00edsticas sonoras aportan un sonido flexible y sensual a estas melod\u00edas de Tango.<\/p>\n<p>Duraci\u00f3n: 5&#8217;30&#8221;<\/p>\n<p>Formato: PDF<\/p>\n<p>Puedes escuchar la m\u00fasica aqu\u00ed:<\/p>\n<!--[if lt IE 9]><script>document.createElement('audio');<\/script><![endif]-->\n<audio class=\"wp-audio-shortcode\" id=\"audio-928-1\" preload=\"none\" style=\"width: 100%;\" controls=\"controls\"><source type=\"audio\/mpeg\" src=\"https:\/\/blog.almiramusic.com\/wp-content\/uploads\/Almira-Summer-Choclo.mp3?_=1\" \/><a href=\"https:\/\/blog.almiramusic.com\/wp-content\/uploads\/Almira-Summer-Choclo.mp3\">https:\/\/blog.almiramusic.com\/wp-content\/uploads\/Almira-Summer-Choclo.mp3<\/a><\/audio>\n","protected":false},"excerpt":{"rendered":"<p>El choclo, un tango compuesto por Carlos Gardel. Un Tango conocid\u00edsimo, arreglado especialmente para estos dos instrumentos: Flauta y Fagot, que por sus caracter\u00edsticas sonoras aportan un sonido flexible y sensual a estas melod\u00edas de Tango. Duraci\u00f3n: 5&#8217;30&#8221; Formato: PDF Puedes escuchar la m\u00fasica aqu\u00ed:<\/p>\n","protected":false},"featured_media":929,"comment_status":"open","ping_status":"closed","template":"","meta":{"_genesis_hide_title":false,"_genesis_hide_breadcrumbs":false,"_genesis_hide_singular_image":false,"_genesis_hide_footer_widgets":false,"_genesis_custom_body_class":"","_genesis_custom_post_class":"","_genesis_layout":""},"_links":{"self":[{"href":"https:\/\/blog.almiramusic.com\/en\/wp-json\/wp\/v2\/product\/928"}],"collection":[{"href":"https:\/\/blog.almiramusic.com\/en\/wp-json\/wp\/v2\/product"}],"about":[{"href":"https:\/\/blog.almiramusic.com\/en\/wp-json\/wp\/v2\/types\/product"}],"replies":[{"embeddable":true,"href":"https:\/\/blog.almiramusic.com\/en\/wp-json\/wp\/v2\/comments?post=928"}],"wp:featuredmedia":[{"embeddable":true,"href":"https:\/\/blog.almiramusic.com\/en\/wp-json\/wp\/v2\/media\/929"}],"wp:attachment":[{"href":"https:\/\/blog.almiramusic.com\/en\/wp-json\/wp\/v2\/media?parent=928"}],"curies":[{"name":"wp","href":"https:\/\/api.w.org\/{rel}","templated":true}]}}